{"id":66,"date":"2021-07-25T09:30:19","date_gmt":"2021-07-25T09:30:19","guid":{"rendered":"https:\/\/sonja-andris.de\/?page_id=66"},"modified":"2026-04-18T17:05:22","modified_gmt":"2026-04-18T17:05:22","slug":"impressum","status":"publish","type":"page","link":"https:\/\/sonja-andris.de\/index.php\/impressum\/","title":{"rendered":"Impressum"},"content":{"rendered":"\t\t<div data-elementor-type=\"wp-page\" data-elementor-id=\"66\" class=\"elementor elementor-66\">\n\t\t\t\t\t\t<section class=\"elementor-section elementor-top-section elementor-element elementor-element-300db7d1 elementor-section-boxed elementor-section-height-default elementor-section-height-default\" data-id=\"300db7d1\" data-element_type=\"section\" data-e-type=\"section\">\n\t\t\t\t\t\t<div class=\"elementor-container elementor-column-gap-default\">\n\t\t\t\t\t<div class=\"elementor-column elementor-col-100 elementor-top-column elementor-element elementor-element-53cf1219\" data-id=\"53cf1219\" data-element_type=\"column\" data-e-type=\"column\">\n\t\t\t<div class=\"elementor-widget-wrap elementor-element-populated\">\n\t\t\t\t\t\t<div class=\"elementor-element elementor-element-a389b7c elementor-widget elementor-widget-spacer\" data-id=\"a389b7c\" data-element_type=\"widget\" data-e-type=\"widget\" data-widget_type=\"spacer.default\">\n\t\t\t\t<div class=\"elementor-widget-container\">\n\t\t\t\t\t\t\t<div class=\"elementor-spacer\">\n\t\t\t<div class=\"elementor-spacer-inner\"><\/div>\n\t\t<\/div>\n\t\t\t\t\t\t<\/div>\n\t\t\t\t<\/div>\n\t\t\t\t<div class=\"elementor-element elementor-element-2237bd3 elementor-widget elementor-widget-text-editor\" data-id=\"2237bd3\" data-element_type=\"widget\" data-e-type=\"widget\" data-widget_type=\"text-editor.default\">\n\t\t\t\t<div class=\"elementor-widget-container\">\n\t\t\t\t\t\t\t\t\t<div>\n<div>\n<div>\n<article>\n<div>\n<h2>Impressum<\/h2>\n<p>Angaben gem\u00e4\u00df \u00a7 5 TMG<\/p>\n<p><strong>Herausgeber dieser Website:<\/strong><\/p>\n<p>Sonja Andris<br>Eschenweg 1<br>79232 March<br>07665 \/ 95575<br>sonja.andris@gmx.de<\/p>\n<h4>&nbsp;<\/h4>\n<h4>Haftungsausschluss:<\/h4>\n<p><strong>Haftung f\u00fcr Inhalte<\/strong><\/p>\n<p>Die Inhalte meiner Seiten wurden mit gr\u00f6\u00dfter Sorgfalt erstellt. F\u00fcr die Richtigkeit, Vollst\u00e4ndigkeit und Aktualit\u00e4t der Inhalte kann ich jedoch keine Gew\u00e4hr \u00fcbernehmen. Als Diensteanbieter bin ich gem\u00e4\u00df \u00a7 7 Abs.1 TMG f\u00fcr eigene Inhalte auf diesen Seiten nach den allgemeinen Gesetzen verantwortlich. Nach \u00a7\u00a7 8 bis 10 TMG bin ich als Diensteanbieter jedoch nicht verpflichtet, \u00fcbermittelte oder gespeicherte fremde Informationen zu \u00fcberwachen oder nach Umst\u00e4nden zu forschen, die auf eine rechtswidrige T\u00e4tigkeit hinweisen. Verpflichtungen zur Entfernung oder Sperrung der Nutzung von Informationen nach den allgemeinen Gesetzen bleiben hiervon unber\u00fchrt. Eine diesbez\u00fcgliche Haftung ist jedoch erst ab dem Zeitpunkt der Kenntnis einer konkreten Rechtsverletzung m\u00f6glich. Bei Bekanntwerden von entsprechenden Rechtsverletzungen werde ich diese Inhalte umgehend entfernen.<\/p>\n<p><strong>Haftung f\u00fcr Links<\/strong><\/p>\n<p>Mein Angebot enth\u00e4lt Links zu externen Webseiten Dritter, auf deren Inhalte ich keinen Einfluss habe. Deshalb kann ich f\u00fcr diese fremden Inhalte auch keine Gew\u00e4hr \u00fcbernehmen. F\u00fcr die Inhalte der verlinkten Seiten ist stets der jeweilige Anbieter oder Betreiber der Seiten verantwortlich. Die verlinkten Seiten wurden zum Zeitpunkt der Verlinkung auf m\u00f6gliche Rechtsverst\u00f6\u00dfe \u00fcberpr\u00fcft. Rechtswidrige Inhalte waren zum Zeitpunkt der Verlinkung nicht erkennbar. Eine permanente inhaltliche Kontrolle der verlinkten Seiten ist jedoch ohne konkrete Anhaltspunkte einer Rechtsverletzung nicht zumutbar. Bei Bekanntwerden von Rechtsverletzungen werde ich derartige Links umgehend entfernen.<\/p>\n<p><strong>Urheberrecht<\/strong><\/p>\n<p>Die durch den Seitenbetreiber erstellten Inhalte und Werke auf diesen Seiten unterliegen dem deutschen Urheberrecht. Die Vervielf\u00e4ltigung, Bearbeitung, Verbreitung und jede Art der Verwertung au\u00dferhalb der Grenzen des Urheberrechtes bed\u00fcrfen der schriftlichen Zustimmung des jeweiligen Autors bzw. Erstellers. Downloads und Kopien dieser Seite sind nur f\u00fcr den privaten, nicht kommerziellen Gebrauch gestattet. Soweit die Inhalte auf dieser Seite nicht vom Betreiber erstellt wurden, werden die Urheberrechte Dritter beachtet. Insbesondere werden Inhalte Dritter als solche gekennzeichnet. Sollten Sie trotzdem auf eine Urheberrechtsverletzung aufmerksam werden, bitte ich um einen entsprechenden Hinweis. Bei Bekanntwerden von Rechtsverletzungen werde ich derartige Inhalte umgehend entfernen.&nbsp;<\/p><p><strong>Vorbehalt<\/strong>&nbsp;<\/p><p>Der Nutzung von im Rahmen der Impressumspflicht ver\u00f6ffentlichten Kontaktdaten durch Dritte zur \u00dcbersendung von nicht ausdr\u00fccklich angeforderter Werbung und Informationsmaterialien wird hiermit ausdr\u00fccklich widersprochen. Der Betreiber der Seiten beh\u00e4lt sich ausdr\u00fccklich rechtliche Schritte im Falle der unverlangten Zusendung von Werbeinformationen, etwa durch Spam-Mails, vor.<\/p><p><span style=\"font-weight: 700;\">Bildnachweis<\/span><br><\/p><p>Eigene und Adobe Stock, lizensierte Bilder<br><\/p><p><br><\/p>\n<p><\/p>\n<p><strong>&gt;&gt; Angaben zum <a href=\"https:\/\/sonja-andris.de\/index.php\/datenschutz\/\">Datenschutz<\/a><\/strong><\/p>\n<\/div>\n<\/article>\n<\/div>\n<\/div>\n<\/div>\t\t\t\t\t\t\t\t<\/div>\n\t\t\t\t<\/div>\n\t\t\t\t\t<\/div>\n\t\t<\/div>\n\t\t\t\t\t<\/div>\n\t\t<\/section>\n\t\t\t\t<\/div>\n\t\t","protected":false},"excerpt":{"rendered":"<p>Impressum Angaben gem\u00e4\u00df \u00a7 5 TMG Herausgeber dieser Website: Sonja Andris Eschenweg 1 79232 March 07665 \/ 95575 sonja.andris@gmx.de Haftungsausschluss: Haftung f\u00fcr Inhalte Die Inhalte meiner Seiten wurden mit gr\u00f6\u00dfter Sorgfalt erstellt. F\u00fcr die Richtigkeit, Vollst\u00e4ndigkeit und Aktualit\u00e4t der Inhalte kann ich jedoch keine Gew\u00e4hr \u00fcbernehmen. Als Diensteanbieter bin ich gem\u00e4\u00df \u00a7 7 Abs.1 TMG [&hellip;]<\/p>\n","protected":false},"author":3,"featured_media":92,"parent":0,"menu_order":0,"comment_status":"closed","ping_status":"closed","template":"","meta":{"inline_featured_image":false,"site-sidebar-layout":"default","site-content-layout":"default","ast-site-content-layout":"default","site-content-style":"default","site-sidebar-style":"default","ast-global-header-display":"","ast-banner-title-visibility":"","ast-main-header-display":"","ast-hfb-above-header-display":"","ast-hfb-below-header-display":"","ast-hfb-mobile-header-display":"","site-post-title":"disabled","ast-breadcrumbs-content":"","ast-featured-img":"disabled","footer-sml-layout":"","ast-disable-related-posts":"","theme-transparent-header-meta":"default","adv-header-id-meta":"","stick-header-meta":"","header-above-stick-meta":"","header-main-stick-meta":"","header-below-stick-meta":"","astra-migrate-meta-layouts":"set","ast-page-background-enabled":"default","ast-page-background-meta":{"desktop":{"background-color":"","background-image":"","background-repeat":"repeat","background-position":"center center","background-size":"auto","background-attachment":"scroll","background-type":"","background-media":"","overlay-type":"","overlay-color":"","overlay-opacity":"","overlay-gradient":""},"tablet":{"background-color":"","background-image":"","background-repeat":"repeat","background-position":"center center","background-size":"auto","background-attachment":"scroll","background-type":"","background-media":"","overlay-type":"","overlay-color":"","overlay-opacity":"","overlay-gradient":""},"mobile":{"background-color":"","background-image":"","background-repeat":"repeat","background-position":"center center","background-size":"auto","background-attachment":"scroll","background-type":"","background-media":"","overlay-type":"","overlay-color":"","overlay-opacity":"","overlay-gradient":""}},"ast-content-background-meta":{"desktop":{"background-color":"var(--ast-global-color-5)","background-image":"","background-repeat":"repeat","background-position":"center center","background-size":"auto","background-attachment":"scroll","background-type":"","background-media":"","overlay-type":"","overlay-color":"","overlay-opacity":"","overlay-gradient":""},"tablet":{"background-color":"var(--ast-global-color-5)","background-image":"","background-repeat":"repeat","background-position":"center center","background-size":"auto","background-attachment":"scroll","background-type":"","background-media":"","overlay-type":"","overlay-color":"","overlay-opacity":"","overlay-gradient":""},"mobile":{"background-color":"var(--ast-global-color-5)","background-image":"","background-repeat":"repeat","background-position":"center center","background-size":"auto","background-attachment":"scroll","background-type":"","background-media":"","overlay-type":"","overlay-color":"","overlay-opacity":"","overlay-gradient":""}},"footnotes":""},"class_list":["post-66","page","type-page","status-publish","has-post-thumbnail","hentry"],"yoast_head":"<title>Impressum - Sonja Andris<\/title>\n<meta name=\"robots\" content=\"noindex, follow\" \/>\n<meta property=\"og:locale\" content=\"de_DE\" \/>\n<meta property=\"og:type\" content=\"article\" \/>\n<meta property=\"og:title\" content=\"Impressum - Sonja Andris\" \/>\n<meta property=\"og:description\" content=\"Impressum Angaben gem\u00e4\u00df \u00a7 5 TMG Herausgeber dieser Website: Sonja Andris Eschenweg 1 79232 March 07665 \/ 95575 sonja.andris@gmx.de Haftungsausschluss: Haftung f\u00fcr Inhalte Die Inhalte meiner Seiten wurden mit gr\u00f6\u00dfter Sorgfalt erstellt. F\u00fcr die Richtigkeit, Vollst\u00e4ndigkeit und Aktualit\u00e4t der Inhalte kann ich jedoch keine Gew\u00e4hr \u00fcbernehmen. Als Diensteanbieter bin ich gem\u00e4\u00df \u00a7 7 Abs.1 TMG [&hellip;]\" \/>\n<meta property=\"og:url\" content=\"https:\/\/sonja-andris.de\/index.php\/impressum\/\" \/>\n<meta property=\"og:site_name\" content=\"Sonja Andris\" \/>\n<meta property=\"article:modified_time\" content=\"2026-04-18T17:05:22+00:00\" \/>\n<meta property=\"og:image\" content=\"https:\/\/sonja-andris.de\/wp-content\/uploads\/2021\/07\/Banner_1200.jpg\" \/>\n\t<meta property=\"og:image:width\" content=\"1200\" \/>\n\t<meta property=\"og:image:height\" content=\"713\" \/>\n\t<meta property=\"og:image:type\" content=\"image\/jpeg\" \/>\n<meta name=\"twitter:card\" content=\"summary_large_image\" \/>\n<meta name=\"twitter:label1\" content=\"Gesch\u00e4tzte Lesezeit\" \/>\n\t<meta name=\"twitter:data1\" content=\"3\u00a0Minuten\" \/>\n<script type=\"application\/ld+json\" class=\"yoast-schema-graph\">{\"@context\":\"https:\\\/\\\/schema.org\",\"@graph\":[{\"@type\":\"WebPage\",\"@id\":\"https:\\\/\\\/sonja-andris.de\\\/index.php\\\/impressum\\\/\",\"url\":\"https:\\\/\\\/sonja-andris.de\\\/index.php\\\/impressum\\\/\",\"name\":\"Impressum - Sonja Andris\",\"isPartOf\":{\"@id\":\"https:\\\/\\\/sonja-andris.de\\\/#website\"},\"primaryImageOfPage\":{\"@id\":\"https:\\\/\\\/sonja-andris.de\\\/index.php\\\/impressum\\\/#primaryimage\"},\"image\":{\"@id\":\"https:\\\/\\\/sonja-andris.de\\\/index.php\\\/impressum\\\/#primaryimage\"},\"thumbnailUrl\":\"https:\\\/\\\/sonja-andris.de\\\/wp-content\\\/uploads\\\/2021\\\/07\\\/Banner_1200.jpg\",\"datePublished\":\"2021-07-25T09:30:19+00:00\",\"dateModified\":\"2026-04-18T17:05:22+00:00\",\"breadcrumb\":{\"@id\":\"https:\\\/\\\/sonja-andris.de\\\/index.php\\\/impressum\\\/#breadcrumb\"},\"inLanguage\":\"de\",\"potentialAction\":[{\"@type\":\"ReadAction\",\"target\":[\"https:\\\/\\\/sonja-andris.de\\\/index.php\\\/impressum\\\/\"]}]},{\"@type\":\"ImageObject\",\"inLanguage\":\"de\",\"@id\":\"https:\\\/\\\/sonja-andris.de\\\/index.php\\\/impressum\\\/#primaryimage\",\"url\":\"https:\\\/\\\/sonja-andris.de\\\/wp-content\\\/uploads\\\/2021\\\/07\\\/Banner_1200.jpg\",\"contentUrl\":\"https:\\\/\\\/sonja-andris.de\\\/wp-content\\\/uploads\\\/2021\\\/07\\\/Banner_1200.jpg\",\"width\":1200,\"height\":713},{\"@type\":\"BreadcrumbList\",\"@id\":\"https:\\\/\\\/sonja-andris.de\\\/index.php\\\/impressum\\\/#breadcrumb\",\"itemListElement\":[{\"@type\":\"ListItem\",\"position\":1,\"name\":\"Start\",\"item\":\"https:\\\/\\\/sonja-andris.de\\\/\"},{\"@type\":\"ListItem\",\"position\":2,\"name\":\"Impressum\"}]},{\"@type\":\"WebSite\",\"@id\":\"https:\\\/\\\/sonja-andris.de\\\/#website\",\"url\":\"https:\\\/\\\/sonja-andris.de\\\/\",\"name\":\"Sonja Andris\",\"description\":\"Stillberatung,PEKIP, Schlafberatung \u00b7\u00a0Freiburg \u00b7 March\",\"publisher\":{\"@id\":\"https:\\\/\\\/sonja-andris.de\\\/#\\\/schema\\\/person\\\/df636b0c2f8d4f5d72fea1f326bb6856\"},\"potentialAction\":[{\"@type\":\"SearchAction\",\"target\":{\"@type\":\"EntryPoint\",\"urlTemplate\":\"https:\\\/\\\/sonja-andris.de\\\/?s={search_term_string}\"},\"query-input\":{\"@type\":\"PropertyValueSpecification\",\"valueRequired\":true,\"valueName\":\"search_term_string\"}}],\"inLanguage\":\"de\"},{\"@type\":[\"Person\",\"Organization\"],\"@id\":\"https:\\\/\\\/sonja-andris.de\\\/#\\\/schema\\\/person\\\/df636b0c2f8d4f5d72fea1f326bb6856\",\"name\":\"Sonja\",\"image\":{\"@type\":\"ImageObject\",\"inLanguage\":\"de\",\"@id\":\"https:\\\/\\\/sonja-andris.de\\\/wp-content\\\/uploads\\\/2023\\\/12\\\/Andris_Header_2023C.jpg\",\"url\":\"https:\\\/\\\/sonja-andris.de\\\/wp-content\\\/uploads\\\/2023\\\/12\\\/Andris_Header_2023C.jpg\",\"contentUrl\":\"https:\\\/\\\/sonja-andris.de\\\/wp-content\\\/uploads\\\/2023\\\/12\\\/Andris_Header_2023C.jpg\",\"width\":801,\"height\":265,\"caption\":\"Sonja\"},\"logo\":{\"@id\":\"https:\\\/\\\/sonja-andris.de\\\/wp-content\\\/uploads\\\/2023\\\/12\\\/Andris_Header_2023C.jpg\"}}]}<\/script>","yoast_head_json":{"title":"Impressum - Sonja Andris","robots":{"index":"noindex","follow":"follow"},"og_locale":"de_DE","og_type":"article","og_title":"Impressum - Sonja Andris","og_description":"Impressum Angaben gem\u00e4\u00df \u00a7 5 TMG Herausgeber dieser Website: Sonja Andris Eschenweg 1 79232 March 07665 \/ 95575 sonja.andris@gmx.de Haftungsausschluss: Haftung f\u00fcr Inhalte Die Inhalte meiner Seiten wurden mit gr\u00f6\u00dfter Sorgfalt erstellt. F\u00fcr die Richtigkeit, Vollst\u00e4ndigkeit und Aktualit\u00e4t der Inhalte kann ich jedoch keine Gew\u00e4hr \u00fcbernehmen. Als Diensteanbieter bin ich gem\u00e4\u00df \u00a7 7 Abs.1 TMG [&hellip;]","og_url":"https:\/\/sonja-andris.de\/index.php\/impressum\/","og_site_name":"Sonja Andris","article_modified_time":"2026-04-18T17:05:22+00:00","og_image":[{"width":1200,"height":713,"url":"https:\/\/sonja-andris.de\/wp-content\/uploads\/2021\/07\/Banner_1200.jpg","type":"image\/jpeg"}],"twitter_card":"summary_large_image","twitter_misc":{"Gesch\u00e4tzte Lesezeit":"3\u00a0Minuten"},"schema":{"@context":"https:\/\/schema.org","@graph":[{"@type":"WebPage","@id":"https:\/\/sonja-andris.de\/index.php\/impressum\/","url":"https:\/\/sonja-andris.de\/index.php\/impressum\/","name":"Impressum - Sonja Andris","isPartOf":{"@id":"https:\/\/sonja-andris.de\/#website"},"primaryImageOfPage":{"@id":"https:\/\/sonja-andris.de\/index.php\/impressum\/#primaryimage"},"image":{"@id":"https:\/\/sonja-andris.de\/index.php\/impressum\/#primaryimage"},"thumbnailUrl":"https:\/\/sonja-andris.de\/wp-content\/uploads\/2021\/07\/Banner_1200.jpg","datePublished":"2021-07-25T09:30:19+00:00","dateModified":"2026-04-18T17:05:22+00:00","breadcrumb":{"@id":"https:\/\/sonja-andris.de\/index.php\/impressum\/#breadcrumb"},"inLanguage":"de","potentialAction":[{"@type":"ReadAction","target":["https:\/\/sonja-andris.de\/index.php\/impressum\/"]}]},{"@type":"ImageObject","inLanguage":"de","@id":"https:\/\/sonja-andris.de\/index.php\/impressum\/#primaryimage","url":"https:\/\/sonja-andris.de\/wp-content\/uploads\/2021\/07\/Banner_1200.jpg","contentUrl":"https:\/\/sonja-andris.de\/wp-content\/uploads\/2021\/07\/Banner_1200.jpg","width":1200,"height":713},{"@type":"BreadcrumbList","@id":"https:\/\/sonja-andris.de\/index.php\/impressum\/#breadcrumb","itemListElement":[{"@type":"ListItem","position":1,"name":"Start","item":"https:\/\/sonja-andris.de\/"},{"@type":"ListItem","position":2,"name":"Impressum"}]},{"@type":"WebSite","@id":"https:\/\/sonja-andris.de\/#website","url":"https:\/\/sonja-andris.de\/","name":"Sonja Andris","description":"Stillberatung,PEKIP, Schlafberatung \u00b7\u00a0Freiburg \u00b7 March","publisher":{"@id":"https:\/\/sonja-andris.de\/#\/schema\/person\/df636b0c2f8d4f5d72fea1f326bb6856"},"potentialAction":[{"@type":"SearchAction","target":{"@type":"EntryPoint","urlTemplate":"https:\/\/sonja-andris.de\/?s={search_term_string}"},"query-input":{"@type":"PropertyValueSpecification","valueRequired":true,"valueName":"search_term_string"}}],"inLanguage":"de"},{"@type":["Person","Organization"],"@id":"https:\/\/sonja-andris.de\/#\/schema\/person\/df636b0c2f8d4f5d72fea1f326bb6856","name":"Sonja","image":{"@type":"ImageObject","inLanguage":"de","@id":"https:\/\/sonja-andris.de\/wp-content\/uploads\/2023\/12\/Andris_Header_2023C.jpg","url":"https:\/\/sonja-andris.de\/wp-content\/uploads\/2023\/12\/Andris_Header_2023C.jpg","contentUrl":"https:\/\/sonja-andris.de\/wp-content\/uploads\/2023\/12\/Andris_Header_2023C.jpg","width":801,"height":265,"caption":"Sonja"},"logo":{"@id":"https:\/\/sonja-andris.de\/wp-content\/uploads\/2023\/12\/Andris_Header_2023C.jpg"}}]}},"_links":{"self":[{"href":"https:\/\/sonja-andris.de\/index.php\/wp-json\/wp\/v2\/pages\/66","targetHints":{"allow":["GET"]}}],"collection":[{"href":"https:\/\/sonja-andris.de\/index.php\/wp-json\/wp\/v2\/pages"}],"about":[{"href":"https:\/\/sonja-andris.de\/index.php\/wp-json\/wp\/v2\/types\/page"}],"author":[{"embeddable":true,"href":"https:\/\/sonja-andris.de\/index.php\/wp-json\/wp\/v2\/users\/3"}],"replies":[{"embeddable":true,"href":"https:\/\/sonja-andris.de\/index.php\/wp-json\/wp\/v2\/comments?post=66"}],"version-history":[{"count":7,"href":"https:\/\/sonja-andris.de\/index.php\/wp-json\/wp\/v2\/pages\/66\/revisions"}],"predecessor-version":[{"id":900,"href":"https:\/\/sonja-andris.de\/index.php\/wp-json\/wp\/v2\/pages\/66\/revisions\/900"}],"wp:featuredmedia":[{"embeddable":true,"href":"https:\/\/sonja-andris.de\/index.php\/wp-json\/wp\/v2\/media\/92"}],"wp:attachment":[{"href":"https:\/\/sonja-andris.de\/index.php\/wp-json\/wp\/v2\/media?parent=66"}],"curies":[{"name":"wp","href":"https:\/\/api.w.org\/{rel}","templated":true}]}}